{"id":691,"date":"2018-05-22T12:19:31","date_gmt":"2018-05-22T10:19:31","guid":{"rendered":"https:\/\/www.pavecc.pl\/start\/"},"modified":"2024-06-26T15:16:04","modified_gmt":"2024-06-26T13:16:04","slug":"start","status":"publish","type":"page","link":"https:\/\/www.pavecc.pl\/en\/","title":{"rendered":"Start"},"content":{"rendered":"<p><\/p>\n<p><\/p>\n<!--themify_builder_content-->\n<div id=\"themify_builder_content-691\" data-postid=\"691\" class=\"themify_builder_content themify_builder_content-691 themify_builder tf_clear\">\n                    <div  data-anchor=\"start\" data-css_id=\"72b1da3\" data-lazy=\"1\" class=\"module_row themify_builder_row fullheight fullwidth tb_has_section tb_section-start tb_72b1da3 tb_first tf_w wow\" data-tf-animation=\"fadeIn\">\n                        <div class=\"row_inner col_align_top tb_col_count_1 tf_box tf_rel\">\n                        <div  data-lazy=\"1\" class=\"module_column tb-column col-full tb_7baee1a first\">\n                    <!-- module text -->\n<div  class=\"module module-text tb_3f87fa1 cien-text  \" data-lazy=\"1\">\n        <div  class=\"tb_text_wrap\">\n        <h3 style=\"text-align: center;\">Welcome to the website of<\/h3>\n    <\/div>\n<\/div>\n<!-- \/module text --><!-- module typewriter -->\n<div  id=\"tb_acdf4fd\" class=\"module module-typewriter tb_acdf4fd \" data-lazy=\"1\">\n\t\t\n\t\t\t<h2 class=\"typewriter-main-tag\">\n\t\t<span class=\"typewritter-text-before\">The Polish Association of<br> <\/span>\n\t\t<span class=\"typewriter-span\" \n\t\t\t  data-typer-targets='[&quot;Veterinary Emergency and Critical Care PAVECC&quot;]'\n\t\t\t  data-typer-highlight-speed=\"50\"\n\t\t\t  data-typer-type-speed=\"120\"\n\t\t\t  data-typer-clear-delay=\"3\"\n\t\t\t  data-typer-type-delay=\"0\"\n\t\t\t  data-typer-interval=\"0\"\n\t\t\t  data-typer-direction=\"rtl\">\n\t\t\t\t  Veterinary Emergency and Critical Care PAVECC\t\t<\/span>\n\t\t<span class=\"typewritter-text-after\"> <\/span>\n\t\t<\/h2>\n\t\t<\/div>\n<!-- \/module typewriter -->\n        <\/div>\n                        <\/div>\n        <\/div>\n                        <div  data-anchor=\"contact\" data-css_id=\"zyov327\" data-lazy=\"1\" class=\"module_row themify_builder_row fullwidth_row_container tb_has_section tb_section-contact tb_zyov327 tf_w\">\n                        <div class=\"row_inner col_align_top tb_col_count_1 tf_box tf_rel\">\n                        <div  data-lazy=\"1\" class=\"module_column tb-column col-full tb_w92d327 first\">\n                    <!-- module text -->\n<div  class=\"module module-text tb_ce20327   \" data-lazy=\"1\">\n        <div  class=\"tb_text_wrap\">\n        <h3>Contact<\/h3>    <\/div>\n<\/div>\n<!-- \/module text -->        <div  data-lazy=\"1\" class=\"module_subrow themify_builder_sub_row tf_w col_align_middle tb_col_count_2 tb_r8az327\">\n                <div  data-lazy=\"1\" class=\"module_column sub_column tb_tb5d327 first\">\n                    <!-- module text -->\n<div  class=\"module module-text tb_ccka327   \" data-lazy=\"1\">\n        <div  class=\"tb_text_wrap\">\n        <h3>Dane Towarzystwa:<\/h3>\n<p><strong>Polskie Towarzystwo Weterynaryjnej Medycyny Ratunkowej<\/strong><br \/>ul. Mys\u0142owicka 65a<br \/>40-453 Katowice<br \/>e-mail: <a href=\"mailto:info@pavecc.pl\">info@pavecc.pl<\/a><br \/>NIP: 9542792226<br \/>REGON: 380209406<br \/>KRS: 0000726622<\/p>\n<p><strong>Numer konta:<\/strong><br \/>40 1050 1214 1000 0090 8039 5883 <br \/>POLSKIE TOWARZYSTWO WETERYNARYJNEJ MEDYCYNY RATUNKOWEJ<\/p>    <\/div>\n<\/div>\n<!-- \/module text -->        <\/div>\n                    <div  data-lazy=\"1\" class=\"module_column sub_column tb_kc27327 last\">\n                    <!-- module text -->\n<div  class=\"module module-text tb_xr4h327   \" data-lazy=\"1\">\n        <div  class=\"tb_text_wrap\">\n        <h3>W\u0142adze i statut Towarzystwa<\/h3>\n<p><strong>Zarz\u0105d Towarzystwa<br \/>\n<\/strong><br \/>\nprezes dr n. wet. Marcin Bojarski<br \/>\nwiceprezes lek. wet. Rafa\u0142 Boro\u0144<br \/>\nwiceprezes lek. wet. Pawe\u0142 Stolarek<br \/>\nlek. wet. El\u017cbieta Wo\u017aniak<br \/>\nskarbnik lek. wet. Aleksander Tabacki<\/p>\n    <\/div>\n<\/div>\n<!-- \/module text -->        <\/div>\n                    <\/div>\n                <\/div>\n                        <\/div>\n        <\/div>\n        <\/div>\n<!--\/themify_builder_content-->","protected":false},"excerpt":{"rendered":"","protected":false},"author":2,"featured_media":0,"parent":0,"menu_order":0,"comment_status":"closed","ping_status":"closed","template":"","meta":{"footnotes":""},"builder_content":"<h3 style=\"text-align: center;\">Welcome to the website of<\/h3>\n<h2> The Polish Association of<br> Veterinary Emergency and Critical Care PAVECC <\/h2>\n<h3>O nas<\/h3> <p style=\"text-align: justify;\">M\u0142oda i dynamicznie rozwijaj\u0105ca si\u0119 dyscyplina kliniczna jak\u0105 stanowi medycyna ratunkowa rodzi nowe oczekiwania w\u0142a\u015bcicieli oraz zmienia podej\u015bcie lekarzy weterynarii do dzia\u0142a\u0144 w sytuacjach bezpo\u015bredniego zagro\u017cenia \u017cycia zwierz\u0105t, szczeg\u00f3lnie towarzysz\u0105cych.<\/p> <p style=\"text-align: justify;\">Wychodz\u0105c naprzeciw oczekiwaniom lekarzy i potrzebom opiekun\u00f3w zwierz\u0105t staraniem lekarzy weterynarii praktyk\u00f3w zosta\u0142o powo\u0142ane Polskie Towarzystwo Weterynaryjnej Medycyny Ratunkowej.<\/p> <p style=\"text-align: justify;\">Mamy nadziej\u0119, \u017ce bogata oferta us\u0142ug weterynaryjnych oferowana dzi\u0119ki kompetencjom i pracy wielu lekarzy weterynarii dzi\u0119ki uzupe\u0142nieniu o profesjonalne, zorganizowane dzia\u0142ania ratunkowe umo\u017cliwi niesienie pomocy w szczeg\u00f3lnie trudnych sytuacjach.<\/p> <p><strong>O skuteczno\u015bci profesjonalnych dzia\u0142a\u0144 medycyny ratunkowej stanowi\u0105 w r\u00f3wnej mierze:<\/strong><\/p>\n<p><strong>St\u0105d nasze dzia\u0142ania kierujemy do:<\/strong><br \/>- lekarzy, student\u00f3w weterynarii<br \/>- technik\u00f3w weterynarii<br \/>- opiekun\u00f3w zwierz\u0105t<\/p>\n<a href=\"http:\/\/www.pavecc.pl\/wp-content\/uploads\/2018\/05\/ENG-1-537x1024.jpg\"> <svg aria-label=\"Open\" role=\"img\"><use href=\"#tf-ti-search\"><\/use><\/svg> <img src=\"https:\/\/www.pavecc.pl\/wp-content\/uploads\/2018\/05\/ENG-1-537x1024.jpg\" title=\"ENG 1\" alt=\"ENG 1\" srcset=\"https:\/\/www.pavecc.pl\/wp-content\/uploads\/2018\/05\/ENG-1-537x1024.jpg 537w, https:\/\/www.pavecc.pl\/wp-content\/uploads\/2018\/05\/ENG-1-157x300.jpg 157w, https:\/\/www.pavecc.pl\/wp-content\/uploads\/2018\/05\/ENG-1.jpg 583w\" sizes=\"(max-width: 537px) 100vw, 537px\" \/> <\/a>\n<em style=\"color:#61bd45\"><svg aria-hidden=\"true\"><use href=\"#tf-ti-eye\"><\/use><\/svg><\/em> \n <p>kompetencje i umiej\u0119tno\u015bci lekarzy<\/p>\n<em style=\"color:#61bd45\"><svg aria-hidden=\"true\"><use href=\"#tf-ti-announcement\"><\/use><\/svg><\/em> \n <p>wyszkolenie i pomoc technik\u00f3w weterynarii<\/p>\n<em style=\"color:#61bd45\"><svg aria-hidden=\"true\"><use href=\"#tf-ti-pulse\"><\/use><\/svg><\/em> \n <p>\u015bwiadomo\u015b\u0107 zagro\u017ce\u0144 i sposob\u00f3w prawid\u0142owego post\u0119powania w\u015br\u00f3d opiekun\u00f3w<\/p>\n<em style=\"color:#61bd45\"><svg aria-hidden=\"true\"><use href=\"#tf-ti-bag\"><\/use><\/svg><\/em> \n <p>rozwi\u0105zania organizacyjne, dost\u0119pno\u015b\u0107 specjalistycznego sprz\u0119tu<\/p>\n<h3 style=\"text-align: center;\">Aktualno\u015bci<\/h3>\n<a href=\"https:\/\/www.pavecc.pl\/aktualnosci\/\" > FOTORELACJA <\/a>\n<img src=\"https:\/\/www.pavecc.pl\/wp-content\/uploads\/2018\/10\/Konferencja-2018.jpg\" title=\"Konferencja 2018\" alt=\"Konferencja 2018\" srcset=\"https:\/\/www.pavecc.pl\/wp-content\/uploads\/2018\/10\/Konferencja-2018.jpg 1467w, https:\/\/www.pavecc.pl\/wp-content\/uploads\/2018\/10\/Konferencja-2018-600x382.jpg 600w, https:\/\/www.pavecc.pl\/wp-content\/uploads\/2018\/10\/Konferencja-2018-300x191.jpg 300w, https:\/\/www.pavecc.pl\/wp-content\/uploads\/2018\/10\/Konferencja-2018-768x488.jpg 768w, https:\/\/www.pavecc.pl\/wp-content\/uploads\/2018\/10\/Konferencja-2018-1024x651.jpg 1024w\" sizes=\"(max-width: 1467px) 100vw, 1467px\" \/>\n<a href=\"https:\/\/www.pavecc.pl\/aktualnosci\/\" > Zobacz wszystkie aktualno\u015bci <\/a>\n<img src=\"https:\/\/www.pavecc.pl\/wp-content\/uploads\/2018\/10\/Scan0075-1.jpg\" title=\"Scan0075\" alt=\"Scan0075\" srcset=\"https:\/\/www.pavecc.pl\/wp-content\/uploads\/2018\/10\/Scan0075-1.jpg 2206w, https:\/\/www.pavecc.pl\/wp-content\/uploads\/2018\/10\/Scan0075-1-600x437.jpg 600w, https:\/\/www.pavecc.pl\/wp-content\/uploads\/2018\/10\/Scan0075-1-300x219.jpg 300w, https:\/\/www.pavecc.pl\/wp-content\/uploads\/2018\/10\/Scan0075-1-768x560.jpg 768w, https:\/\/www.pavecc.pl\/wp-content\/uploads\/2018\/10\/Scan0075-1-1024x746.jpg 1024w\" sizes=\"(max-width: 2206px) 100vw, 2206px\" \/>\n<img src=\"https:\/\/www.pavecc.pl\/wp-content\/uploads\/2018\/08\/og\u0142oszenie-6-pa\u017adziernika.jpg\" title=\"og\u0142oszenie 6 pa\u017adziernika\" alt=\"og\u0142oszenie 6 pa\u017adziernika\" srcset=\"https:\/\/www.pavecc.pl\/wp-content\/uploads\/2018\/08\/og\u0142oszenie-6-pa\u017adziernika.jpg 1318w, https:\/\/www.pavecc.pl\/wp-content\/uploads\/2018\/08\/og\u0142oszenie-6-pa\u017adziernika-600x488.jpg 600w, https:\/\/www.pavecc.pl\/wp-content\/uploads\/2018\/08\/og\u0142oszenie-6-pa\u017adziernika-300x244.jpg 300w, https:\/\/www.pavecc.pl\/wp-content\/uploads\/2018\/08\/og\u0142oszenie-6-pa\u017adziernika-768x625.jpg 768w, https:\/\/www.pavecc.pl\/wp-content\/uploads\/2018\/08\/og\u0142oszenie-6-pa\u017adziernika-1024x834.jpg 1024w\" sizes=\"(max-width: 1318px) 100vw, 1318px\" \/>\n<a href=\"https:\/\/www.pavecc.pl\/aktualnosci\/\" > Nasi prelegenci <\/a>\n<img src=\"https:\/\/www.pavecc.pl\/wp-content\/uploads\/2018\/08\/TOBIAS.jpg\" title=\"TOBIAS\" alt=\"TOBIAS\" srcset=\"https:\/\/www.pavecc.pl\/wp-content\/uploads\/2018\/08\/TOBIAS.jpg 789w, https:\/\/www.pavecc.pl\/wp-content\/uploads\/2018\/08\/TOBIAS-300x300.jpg 300w, https:\/\/www.pavecc.pl\/wp-content\/uploads\/2018\/08\/TOBIAS-100x100.jpg 100w, https:\/\/www.pavecc.pl\/wp-content\/uploads\/2018\/08\/TOBIAS-600x598.jpg 600w, https:\/\/www.pavecc.pl\/wp-content\/uploads\/2018\/08\/TOBIAS-150x150.jpg 150w, https:\/\/www.pavecc.pl\/wp-content\/uploads\/2018\/08\/TOBIAS-768x765.jpg 768w\" sizes=\"(max-width: 789px) 100vw, 789px\" \/>\n<a href=\"https:\/\/www.pavecc.pl\/aktualnosci\/\" > Nasi prelegenci <\/a>\n<img src=\"https:\/\/www.pavecc.pl\/wp-content\/uploads\/2018\/08\/RAFA\u0141.jpg\" title=\"RAFA\u0141\" alt=\"RAFA\u0141\" srcset=\"https:\/\/www.pavecc.pl\/wp-content\/uploads\/2018\/08\/RAFA\u0141.jpg 780w, https:\/\/www.pavecc.pl\/wp-content\/uploads\/2018\/08\/RAFA\u0141-600x654.jpg 600w, https:\/\/www.pavecc.pl\/wp-content\/uploads\/2018\/08\/RAFA\u0141-275x300.jpg 275w, https:\/\/www.pavecc.pl\/wp-content\/uploads\/2018\/08\/RAFA\u0141-768x837.jpg 768w\" sizes=\"(max-width: 780px) 100vw, 780px\" \/>\n<a href=\"https:\/\/www.pavecc.pl\/aktualnosci\/\" > Nasi prelegenci <\/a>\n<img src=\"https:\/\/www.pavecc.pl\/wp-content\/uploads\/2018\/08\/MARCIN.jpg\" title=\"MARCIN\" alt=\"MARCIN\" srcset=\"https:\/\/www.pavecc.pl\/wp-content\/uploads\/2018\/08\/MARCIN.jpg 805w, https:\/\/www.pavecc.pl\/wp-content\/uploads\/2018\/08\/MARCIN-600x618.jpg 600w, https:\/\/www.pavecc.pl\/wp-content\/uploads\/2018\/08\/MARCIN-291x300.jpg 291w, https:\/\/www.pavecc.pl\/wp-content\/uploads\/2018\/08\/MARCIN-768x791.jpg 768w\" sizes=\"(max-width: 805px) 100vw, 805px\" \/>\n<a href=\"https:\/\/www.pavecc.pl\/aktualnosci\/\" > PATRONAT NAD SPOTKANIEM <\/a>\n<img src=\"https:\/\/www.pavecc.pl\/wp-content\/uploads\/2018\/08\/partnerzy-1.jpg\" title=\"partnerzy\" alt=\"partnerzy\" srcset=\"https:\/\/www.pavecc.pl\/wp-content\/uploads\/2018\/08\/partnerzy-1.jpg 1515w, https:\/\/www.pavecc.pl\/wp-content\/uploads\/2018\/08\/partnerzy-1-600x184.jpg 600w, https:\/\/www.pavecc.pl\/wp-content\/uploads\/2018\/08\/partnerzy-1-300x92.jpg 300w, https:\/\/www.pavecc.pl\/wp-content\/uploads\/2018\/08\/partnerzy-1-768x236.jpg 768w, https:\/\/www.pavecc.pl\/wp-content\/uploads\/2018\/08\/partnerzy-1-1024x314.jpg 1024w\" sizes=\"(max-width: 1515px) 100vw, 1515px\" \/>\n<h3>Szkolenia<\/h3>\n<img src=\"https:\/\/www.pavecc.pl\/wp-content\/uploads\/2019\/01\/kardioplakat-2019.jpg\" title=\"kardioplakat 2019\" alt=\"kardioplakat 2019\" srcset=\"https:\/\/www.pavecc.pl\/wp-content\/uploads\/2019\/01\/kardioplakat-2019.jpg 1470w, https:\/\/www.pavecc.pl\/wp-content\/uploads\/2019\/01\/kardioplakat-2019-600x379.jpg 600w, https:\/\/www.pavecc.pl\/wp-content\/uploads\/2019\/01\/kardioplakat-2019-300x189.jpg 300w, https:\/\/www.pavecc.pl\/wp-content\/uploads\/2019\/01\/kardioplakat-2019-768x485.jpg 768w, https:\/\/www.pavecc.pl\/wp-content\/uploads\/2019\/01\/kardioplakat-2019-1024x646.jpg 1024w\" sizes=\"(max-width: 1470px) 100vw, 1470px\" \/>\n<h3>Dowiedz si\u0119 wi\u0119cej na temat wybranego kursu.<\/h3> <p>kliknij w przycisk, aby pozna\u0107 program wybranego kursu.<\/p>\n<a href=\"https:\/\/www.pavecc.pl\/i-kurs-podstawowy\/\" data-zoom-config=\"90%|90%\"> I kurs podstawowy <\/a>\n<a href=\"https:\/\/www.pavecc.pl\/kurs-zaawansowany-ii-stopien\/\" data-zoom-config=\"90%|90%\"> Kurs zaawansowany II stopie\u0144 <\/a>\n<a href=\"https:\/\/www.pavecc.pl\/kurs-zaawansowany-iii-stopien\/\" data-zoom-config=\"90%|90%\"> Kurs zaawansowany III stopie\u0144 <\/a>\n<a href=\"https:\/\/www.pavecc.pl\/t-fast\/\" data-zoom-config=\"90%|90%\"> T-FAST, Badanie echokardiograficzne i USG klatki piersiowej dla lekarza praktyka <\/a>\n<p>[contact-form-7 id=\"403\" title=\"Szkolenia\"]<\/p>\n<p><strong>Medycyna ratunkowa<\/strong> \u2013 intensywne dzia\u0142ania medyczne prowadzone w obliczu objaw\u00f3w wskazuj\u0105cych na bezpo\u015brednie zagro\u017cenie \u017cycia. Priorytetem post\u0119powania jest rozpoznanie rodzaju zaburze\u0144 stanu homeostazy wewn\u0119trznej oraz wspomaganie niewydolnych mechanizm\u00f3w regulacyjnych.<\/p>\n[gallery _orderbyfield=\"menu_order ID\" _orderByField=\"menu_order ID\" ids=\"321,322,331,323,332,324,325,333\"]\n<h3 style=\"text-align: center;\">Cz\u0142onkostwo<\/h3>\n<p>- je\u015bli interesuje Ci\u0119 poznanie mo\u017cliwo\u015bci niesienia pomocy w trudnych sytuacjach,<br \/>- je\u015bli chcesz podzieli\u0107 si\u0119 swoim do\u015bwiadczeniem ,<br \/>- je\u015bli oczekujesz pomocy we wprowadzaniu uznanych standard\u00f3w post\u0119powania.<\/p>\n<p><strong>Chcesz wiedzie\u0107 wi\u0119cej i mie\u0107 dost\u0119p do materia\u0142\u00f3w dost\u0119pnych tylko dla u\u017cytkownik\u00f3w? Skorzystaj z bezp\u0142atnej rejestracji i b\u0105d\u017a z nami na bie\u017c\u0105co.<\/strong><\/p>\n<p><strong>Masz ju\u017c konto? Zaloguj si\u0119 i sprawd\u017a co u nas nowego!<\/strong><\/p>\n<a href=\"https:\/\/www.pavecc.pl\/wp-login.php?action=register\" target=\"_blank\" rel=\"noopener\"> Zarejestruj si\u0119 <\/a>\n<a href=\"https:\/\/www.pavecc.pl\/logowanie-dla-czlonkow\/\" target=\"_blank\" rel=\"noopener\"> Zaloguj si\u0119 <\/a>\n<h3 style=\"text-align: center;\">.<\/h3>\n<p>[contact-form-7 id=\"358\" title=\"Formularz uczestnictwa\"]<\/p>\n<p>\u00a0<\/p> <p>Uzupe\u0142nienie w\/w formularza jest traktowane w \u015bwietle przepis\u00f3w prawnych jako: zgod\u0119 na przetwarzanie danych osobowych zawartych w formularzu dla potrzeb rekrutacyjnych do tworzenia list uczestnik\u00f3w konferencji, szkole\u0144 - kurs\u00f3w (zgodnie z Ustaw\u0105 z dnia 29.08.1997 roku o Ochronie Danych Osobowych; tekst jednolity: Dz.U.z 2015r., poz. 2135 z p\u00f3\u017an. zm.).<br \/>Pe\u0142ny program na stronie <a href=\"http:\/\/www.pavecc.pl\">www.pavecc.pl<\/a><\/p>\n<h3>Contact<\/h3>\n<h3>Dane Towarzystwa:<\/h3> <p><strong>Polskie Towarzystwo Weterynaryjnej Medycyny Ratunkowej<\/strong><br \/>ul. Mys\u0142owicka 65a<br \/>40-453 Katowice<br \/>e-mail: <a href=\"mailto:info@pavecc.pl\">info@pavecc.pl<\/a><br \/>NIP: 9542792226<br \/>REGON: 380209406<br \/>KRS: 0000726622<\/p> <p><strong>Numer konta:<\/strong><br \/>40 1050 1214 1000 0090 8039 5883 <br \/>POLSKIE TOWARZYSTWO WETERYNARYJNEJ MEDYCYNY RATUNKOWEJ<\/p>\n<h3>W\u0142adze i statut Towarzystwa<\/h3> <p><strong>Zarz\u0105d Towarzystwa<br \/> <\/strong><br \/> prezes dr n. wet. Marcin Bojarski<br \/> wiceprezes lek. wet. Rafa\u0142 Boro\u0144<br \/> wiceprezes lek. wet. Pawe\u0142 Stolarek<br \/> lek. wet. El\u017cbieta Wo\u017aniak<br \/> skarbnik lek. wet. Aleksander Tabacki<\/p>","_links":{"self":[{"href":"https:\/\/www.pavecc.pl\/en\/wp-json\/wp\/v2\/pages\/691"}],"collection":[{"href":"https:\/\/www.pavecc.pl\/en\/wp-json\/wp\/v2\/pages"}],"about":[{"href":"https:\/\/www.pavecc.pl\/en\/wp-json\/wp\/v2\/types\/page"}],"author":[{"embeddable":true,"href":"https:\/\/www.pavecc.pl\/en\/wp-json\/wp\/v2\/users\/2"}],"replies":[{"embeddable":true,"href":"https:\/\/www.pavecc.pl\/en\/wp-json\/wp\/v2\/comments?post=691"}],"version-history":[{"count":11,"href":"https:\/\/www.pavecc.pl\/en\/wp-json\/wp\/v2\/pages\/691\/revisions"}],"predecessor-version":[{"id":1893,"href":"https:\/\/www.pavecc.pl\/en\/wp-json\/wp\/v2\/pages\/691\/revisions\/1893"}],"wp:attachment":[{"href":"https:\/\/www.pavecc.pl\/en\/wp-json\/wp\/v2\/media?parent=691"}],"curies":[{"name":"wp","href":"https:\/\/api.w.org\/{rel}","templated":true}]}}